{"id":6,"date":"2014-08-19T06:39:39","date_gmt":"2014-08-19T04:39:39","guid":{"rendered":"http:\/\/ildikoraimondi.com\/new\/?page_id=6"},"modified":"2017-12-16T22:32:20","modified_gmt":"2017-12-16T20:32:20","slug":"biographie","status":"publish","type":"page","link":"http:\/\/ildikoraimondi.com\/new\/biographie\/","title":{"rendered":"Biographie"},"content":{"rendered":"<p>Ildik\u00f3 Raimondi ist nicht nur eine gefeierte S\u00e4ngerin auf der Opernb\u00fchne, sondern auch eine bekannte Liedinterpretin und Konzerts\u00e4ngerin. Seit 1991 geh\u00f6rt sie der Wiener Staatsoper an. An diesem Haus hat sie mehr als 50 Opernpartien gesungen.<\/p>\n<p>Gastspiele f\u00fchrten die in Wien lebende K\u00fcnstlerin unter anderem an die Deutsche Oper Berlin, die Semperoper Dresden, die Bayerische Staatsoper M\u00fcnchen, an das Opernhaus Z\u00fcrich, an das Opernhaus Valencia und an das Bolschoi Theater Moskau. Dazu kamen Konzerte, Rundfunk- und TV-Auftritte in vielen L\u00e4ndern Europas, in Japan, New York und Israel u. a. mit den Wiener Philharmonikern.<\/p>\n<p>Ihre Engagements bei internationalen Festivals umfassen u. a. die Salzburger Festspiele, die Bregenzer Festspiele, den Wiener Klangbogen, die Wiener Festwochen, das Musica Sacra Rom, das Edinburgh Festival, das Richard-Strauss-Festival Garmisch, das Beethovenfest Bonn und das Johann-Strau\u00df-Musikfestival Coburg.<\/p>\n<p>Ildik\u00f3 Raimondi wendet sich mit besonderer Vorliebe der Musik des 20. Jahrhunderts zu. Werke von Franz Schmidt, Arnold Sch\u00f6nberg, Alexander von Zemlinsky, Egon Wellesz, Ernst Krenek, Gottfried von Einem \u2013 und zeitgen\u00f6ssische Musik u. a. von Friedrich Cerha und Thomas Daniel Schlee &#8211; geh\u00f6ren zum Repertoire der Sopranistin.<\/p>\n<p>Ihre Liederabende im Wiener Musikverein und in vielen St\u00e4dten des In- und Auslands setzen immer wieder Ma\u00dfst\u00e4be der Interpretation und Programmgestaltung. Im Rahmen eines gr\u00f6\u00dferen wissenschaftlichen Lied-Projekts gab Ildik\u00f3 Raimondi die Sammlung der 41 Goethe-Lieder des tschechischen Komponisten Wenzel Johann Tomaschek heraus.<\/p>\n<p>An der Wiener Staatsoper war Ildik\u00f3 Raimondi in j\u00fcngster Zeit als Dame (<em>Cardillac<\/em>), Donna Elvira (<em>Don Giovanni<\/em>), Rosalinde (<em>Die Fledermaus<\/em>), Pamina (<em>Die Zauberfl\u00f6te<\/em>), Alice (<em>Falstaff<\/em>), Musetta (<em>La Boh\u00e8me<\/em>) sowie in der Urauff\u00fchrung von Iv\u00e1n Er\u00f6ds Kinderoper <em>P\u00fcnktchen und Anton<\/em>\u00a0zu erleben. Die Gr\u00e4fin (<em>Capriccio<\/em>) sang sie im Palast der K\u00fcnste Budapest und als Arabella gastierte sie an der Ungarischen Staatsoper.<\/p>\n<p>Zahlreiche CD- und DVD-Aufnahmen sowie Rundfunk- und Fernsehmitschnitte dokumentieren ihr k\u00fcnstlerisches Wirken.<\/p>\n<p>Ildik\u00f3 Raimondi ist \u00d6sterreichische Kammers\u00e4ngerin und Integrationsbotschafterin. Seit 2015 ist sie Professorin f\u00fcr Sologesang an der Universit\u00e4t Mozarteum Salzburg.<\/p>\n","protected":false},"excerpt":{"rendered":"<p>Ildik\u00f3 Raimondi ist nicht nur eine gefeierte S\u00e4ngerin auf der Opernb\u00fchne, sondern auch eine bekannte Liedinterpretin und Konzerts\u00e4ngerin. Seit 1991 geh\u00f6rt sie der Wiener Staatsoper an. An diesem Haus hat sie mehr als 50 Opernpartien gesungen. Gastspiele f\u00fchrten die in&#8230;<\/p>\n","protected":false},"author":3,"featured_media":0,"parent":0,"menu_order":0,"comment_status":"closed","ping_status":"closed","template":"","meta":{"ngg_post_thumbnail":0},"_links":{"self":[{"href":"http:\/\/ildikoraimondi.com\/new\/wp-json\/wp\/v2\/pages\/6"}],"collection":[{"href":"http:\/\/ildikoraimondi.com\/new\/wp-json\/wp\/v2\/pages"}],"about":[{"href":"http:\/\/ildikoraimondi.com\/new\/wp-json\/wp\/v2\/types\/page"}],"author":[{"embeddable":true,"href":"http:\/\/ildikoraimondi.com\/new\/wp-json\/wp\/v2\/users\/3"}],"replies":[{"embeddable":true,"href":"http:\/\/ildikoraimondi.com\/new\/wp-json\/wp\/v2\/comments?post=6"}],"version-history":[{"count":11,"href":"http:\/\/ildikoraimondi.com\/new\/wp-json\/wp\/v2\/pages\/6\/revisions"}],"predecessor-version":[{"id":1772,"href":"http:\/\/ildikoraimondi.com\/new\/wp-json\/wp\/v2\/pages\/6\/revisions\/1772"}],"wp:attachment":[{"href":"http:\/\/ildikoraimondi.com\/new\/wp-json\/wp\/v2\/media?parent=6"}],"curies":[{"name":"wp","href":"https:\/\/api.w.org\/{rel}","templated":true}]}}