{"id":503,"date":"2014-08-21T21:03:22","date_gmt":"2014-08-21T19:03:22","guid":{"rendered":"http:\/\/ildikoraimondi.com\/new\/?page_id=503"},"modified":"2025-02-04T10:39:20","modified_gmt":"2025-02-04T08:39:20","slug":"lehrtaetigkeit","status":"publish","type":"page","link":"http:\/\/ildikoraimondi.com\/new\/lehrtaetigkeit\/","title":{"rendered":"Lehrt\u00e4tigkeit"},"content":{"rendered":"<div id=\"symple-tab-8105\" class=\"symple-tabs\"><ul class=\"ui-tabs-nav symple-clearfix\"><li><a href=\"#symple-tab-universitaere-lehrtaetigkeit\">Universit\u00e4re Lehrt\u00e4tigkeit<\/a><\/li><li><a href=\"#symple-tab-fotos-impressionen\">Fotos &amp; Impressionen<\/a><\/li><li><a href=\"#symple-tab-meisterkurse\">Meisterkurse<\/a><\/li><\/ul>\n<div id=\"symple-tab-universitaere-lehrtaetigkeit\" class=\"tab-content symple-clearfix \">\n<p>KS Ildik\u00f3 Raimondi wurde zum Wintersemester 2015\/2016 als Professorin f\u00fcr Sologesang an die Universit\u00e4t Mozarteum in Salzburg berufen.<br \/>\n<a href=\"https:\/\/www.uni-mozarteum.at\/people.php?p=66428\" target=\"_blank\" rel=\"noopener noreferrer\"><br \/>\n\u00bb mehr<\/a><\/p>\n<\/div>\n<div id=\"symple-tab-fotos-impressionen\" class=\"tab-content symple-clearfix \">\n<p><a href=\"http:\/\/www.musikseminar.at\/de\/\" target=\"_blank\" rel=\"noopener noreferrer\">WIENER MUSIKSEMINAR, SEPTEMBER 2014<\/a><\/p>\nngg_shortcode_0_placeholder\n<p><a href=\"http:\/\/www.moz.ac.at\/de\/kunst\/soak\/\" target=\"_blank\" rel=\"noopener noreferrer\">INTERNATIONALE SOMMERAKADEMIE SALZBURG, AUGUST 2014<\/a><\/p>\nngg_shortcode_1_placeholder\n<p><a href=\"http:\/\/www.musikverein.at\/jugend\/workshops.php\" target=\"_blank\" rel=\"noopener noreferrer\">WORKSHOP KLASSISCHER LIEDGESANG, MUSIKVEREIN WIEN, M\u00c4RZ 2013<\/a><\/p>\nngg_shortcode_2_placeholder\n<\/div>\n<div id=\"symple-tab-meisterkurse\" class=\"tab-content symple-clearfix \">\n<h3>2025<\/h3>\n<div class=\"em em-view-container\" id=\"em-view-1498900603\" data-view=\"list\">\r\n\t<div class=\"em pixelbones em-list em-events-list\" id=\"em-events-list-1498900603\" data-view-id=\"1498900603\">\r\n\t\n<p><strong>Samstag, 18. Januar 2025<\/strong><br \/>\n<span class=\"eventname\">Performance Class mit Ildiko Raimondi<\/span><br \/>\nAcoustic Stage Musikquartier | Wien<br \/>\n<p>Die Kammers\u00e4ngerin Ildiko Raimondi ist Ensemblemitglied der Wiener Staatsoper und tritt auf allen gro\u00dfen Opern- und Konzertb\u00fchnen der Welt auf. Sie ist au\u00dferdem Professorin f\u00fcr Gesang an der Universit\u00e4t Mozarteum in Salzburg und k\u00fcnstlerische Leiterin der Schubertiade auf Schloss Atzenbrugg.<\/p>\n<p>Wir freuen uns, dass Frau Raimondi ab Januar 2025 ihr musikalisches Wissen und ihre Erfahrungen im Rahmen eines Auftrittskurses an unsere Sch\u00fcler weitergeben wird.<\/p>\n<p><a href=\"https:\/\/gulda-school-of-music.com\/events\/performance-class-ildiko-raimondi\" target=\"_blank\" rel=\"noopener\">Mehr Information<\/a><\/p>\n<\/p>\n\n<p><strong>Montag, 05. Mai 2025 &#8211; 10. Mai 2025<\/strong><br \/>\n<span class=\"eventname\">Musikakademie Tirol Masterclass<\/span><br \/>\nEva Lind Musikakademie Tirol | Seefeld<br \/>\n<p><a href=\"https:\/\/musikakademie.tirol\/course\/meisterklasse4\/\" target=\"_blank\" rel=\"noopener\">mehr Information<\/a><\/p>\n<\/p>\n\n<p><strong>Montag, 18. August 2025 &#8211; 23. August 2025<\/strong><br \/>\n<span class=\"eventname\">Talent Music Summer Opera &#038; Courses Festival 2025<\/span><br \/>\nBrescia | Brescia<br \/>\n<p>Vom 7. Juli bis 27. September 2025 findet im wundersch\u00f6nen Rahmen der Akademie in Brescia die IX. Ausgabe der Talent Summer Courses und des Talent Summer Opera &amp; Festival statt, die von der Internationalen Musikakademie organisiert werden.<\/p>\n<p><a href=\"https:\/\/www.talentsummercourses.it\/talent-summer-opera\" target=\"_blank\" rel=\"noopener\">mehr Info<\/a><\/p>\n<\/p>\n\t<\/div>\r\n<\/div>\n<h3>2024<\/h3>\n<div class=\"em em-view-container\" id=\"em-view-394724092\" data-view=\"list\">\r\n\t<div class=\"em pixelbones em-list em-events-list\" id=\"em-events-list-394724092\" data-view-id=\"394724092\">\r\n\t\n<p><strong>Dienstag, 04. Juni 2024 &#8211; 14. Juni 2024<\/strong><br \/>\n<span class=\"eventname\">Arnold Sch\u00f6nberg Center \u00a04.-14. Juni Masterklasses<\/span><br \/>\nArnold Sch\u00f6nberg Center | Wien<br \/>\n<div><a href=\"https:\/\/www.schoenberg.at\/index.php\/en\/news-e-gh\/2065-avenir-meisterklasse-2024\" target=\"_blank\" rel=\"noopener\">https:\/\/www.schoenberg.at\/index.php\/en\/news-e-gh\/2065-avenir-meisterklasse-2024<\/a><\/div>\n<\/p>\n\n<p><strong>Dienstag, 04. Juni 2024 &#8211; 10. Juni 2024<\/strong><br \/>\n<span class=\"eventname\">INTERNATIONALE MEISTERKLASSEN | AVENIR FOUNDATION 2024<\/span><br \/>\nArnold Sch\u00f6nberg Center | Wien<br \/>\n<div class=\"gmail-layoutArea\">\n<p>Anl\u00e4sslich des 150. Geburtstags von Arnold Sch\u00f6nberg finden am Arnold Sch\u00f6nberg Center in Wien von 4. \u2013 14. Juni 2024 Meisterklassen in den Disziplinen Gesang, Lied-Duo, Klavier solo und Kammermusik statt, die mit Avenir Foundation Stipendien des Arnold Sch\u00f6nberg Center unterst\u00fctzt werden.<\/p>\n<p>Dozent:innen<br \/>\nKS Ildik\u00f3 Raimondi Gesang &amp; Lied-Duo<br \/>\nCharles Spencer Lied-Duo &amp; Liedbegleitung<br \/>\nHardy Rittner Klavier solo<br \/>\nHenk Guittart Kammermusik<\/p>\n<\/div>\n<div>&nbsp;<\/div>\n<div class=\"gmail-layoutArea\"><a href=\"https:\/\/www.schoenberg.at\/index.php\/de\/meisterklassen2024\" target=\"_blank\" rel=\"noopener\">Mehr Info<\/a><\/div>\n<div class=\"gmail-layoutArea\">&nbsp;<\/div>\n<\/p>\n\t<\/div>\r\n<\/div>\n<h3>2023<\/h3>\n<div class=\"em em-view-container\" id=\"em-view-1294381263\" data-view=\"list\">\r\n\t<div class=\"em pixelbones em-list em-events-list\" id=\"em-events-list-1294381263\" data-view-id=\"1294381263\">\r\n\t\n<p><strong>Montag, 17. Juli 2023 &#8211; 22. Juli 2023<\/strong><br \/>\n<span class=\"eventname\">Meisterklasse  Stift Altenburg<\/span><br \/>\nStift Altenburg | Altenburg<br \/>\n<p>Freie Repertoirewahl<br \/>\nUnterrichtssprachen: Deutsch, Englisch, Italienisch, Ungarisch, Rum\u00e4nisch, Franz\u00f6sisch<\/p>\n<p>F\u00fcr Profis, Studierende &amp; Talente<\/p>\n<p><a href=\"https:\/\/ama.musique.at\/meisterkurse\/gesang\" target=\"_blank\" rel=\"noopener\">mehr Details dazu<\/a><\/p>\n<p><a href=\"https:\/\/de.wikipedia.org\/wiki\/Stift_Altenburg\" target=\"_blank\" rel=\"noopener\">Stift Altenburg<\/a><\/p>\n<\/p>\n\t<\/div>\r\n<\/div>\n<h3>2022<\/h3>\n<div class=\"em em-view-container\" id=\"em-view-182788463\" data-view=\"list\">\r\n\t<div class=\"em pixelbones em-list em-events-list\" id=\"em-events-list-182788463\" data-view-id=\"182788463\">\r\n\t\n<p><strong>Montag, 25. Juli 2022 &#8211; 05. August 2022<\/strong><br \/>\n<span class=\"eventname\">Sommerakademie Mozarteum &#8211; Meisterklasse Gesang<\/span><br \/>\nUNIVERSIT\u00c4T MOZARTEUM | Salzburg<br \/>\n<p>Nach zweij\u00e4hriger Pause findet die Internationale Sommerakademie 2022 wieder statt. Eine tief verwurzelte Musiktradition trifft auf die unverwechselbare Sch\u00f6nheit Salzburgs im Sommer. Das vielf\u00e4ltige Programm bietet Raum f\u00fcr interkulturelle Begegnungen und musikalischen Feinschliff. Zus\u00e4tzlich zu unseren zahlreichen Meisterklassen und Kursen sowie einer Vielzahl an \u00f6ffentlichen Konzerten mit Studierenden und Lehrenden ist die Universit\u00e4t Mozarteum Salzburg dieses Jahr erstmals Gastgeber f\u00fcr ARCO &#8211; ein \u00f6sterreichisch-franz\u00f6sisches Kooperationsprojekt mit Fokus auf zeitgen\u00f6ssische Komposition.<\/p>\n<p><a href=\"http:\/\/www.uni-mozarteum.at\/sommerakademie\">http:\/\/www.uni-mozarteum.at\/sommerakademie<\/a><\/p>\n<p><a href=\"http:\/\/www.uni-mozarteum.at\/files\/pdf\/soak\/soak_meisterklassen.pdf\">http:\/\/www.uni-mozarteum.at\/files\/pdf\/soak\/soak_meisterklassen.pdf<\/a><\/p>\n<\/p>\n\t<\/div>\r\n<\/div>\n<h3>2021<\/h3>\n<div class=\"em em-view-container\" id=\"em-view-1328791766\" data-view=\"list\">\r\n\t<div class=\"em pixelbones em-list em-events-list\" id=\"em-events-list-1328791766\" data-view-id=\"1328791766\">\r\n\t\n<p><strong>Montag, 26. Juli 2021 &#8211; 07. August 2021<\/strong><br \/>\n<span class=\"eventname\">Internationale Sommerakademie Universit\u00e4t Mozarteum<\/span><br \/>\nUniversit\u00e4t Mozarteum | Salzburg<br \/>\n<div>Internationale Sommerakademie Universit\u00e4t Mozarteum&nbsp; Salzburg &#8211; Meisterklasse<\/div>\n<div><a href=\"http:\/\/www.uni-mozarteum.at\/sommerakademie\">http:\/\/www.uni-mozarteum.at\/sommerakademie<\/a><\/div>\n<\/p>\n\t<\/div>\r\n<\/div>\n<\/div>\n<\/div>\n<p>&nbsp;<\/p>\n<p>&nbsp;<\/p>\n","protected":false},"excerpt":{"rendered":"<p>&nbsp; &nbsp;<\/p>\n","protected":false},"author":3,"featured_media":0,"parent":0,"menu_order":0,"comment_status":"closed","ping_status":"closed","template":"","meta":{"ngg_post_thumbnail":0},"_links":{"self":[{"href":"http:\/\/ildikoraimondi.com\/new\/wp-json\/wp\/v2\/pages\/503"}],"collection":[{"href":"http:\/\/ildikoraimondi.com\/new\/wp-json\/wp\/v2\/pages"}],"about":[{"href":"http:\/\/ildikoraimondi.com\/new\/wp-json\/wp\/v2\/types\/page"}],"author":[{"embeddable":true,"href":"http:\/\/ildikoraimondi.com\/new\/wp-json\/wp\/v2\/users\/3"}],"replies":[{"embeddable":true,"href":"http:\/\/ildikoraimondi.com\/new\/wp-json\/wp\/v2\/comments?post=503"}],"version-history":[{"count":32,"href":"http:\/\/ildikoraimondi.com\/new\/wp-json\/wp\/v2\/pages\/503\/revisions"}],"predecessor-version":[{"id":2439,"href":"http:\/\/ildikoraimondi.com\/new\/wp-json\/wp\/v2\/pages\/503\/revisions\/2439"}],"wp:attachment":[{"href":"http:\/\/ildikoraimondi.com\/new\/wp-json\/wp\/v2\/media?parent=503"}],"curies":[{"name":"wp","href":"https:\/\/api.w.org\/{rel}","templated":true}]}}