{"id":98,"date":"2014-08-19T15:23:42","date_gmt":"2014-08-19T13:23:42","guid":{"rendered":"http:\/\/ildikoraimondi.com\/new\/?page_id=98"},"modified":"2017-12-16T22:39:56","modified_gmt":"2017-12-16T20:39:56","slug":"biography","status":"publish","type":"page","link":"http:\/\/ildikoraimondi.com\/new\/en\/biography\/","title":{"rendered":"Biography"},"content":{"rendered":"<p>Ildik\u00f3 Raimondi\u00a0is not only a celebrated singer on the opera stage, but is also a well-known recitalist and interpreter of Lieder. Since 1991, she has been a member of the Wiener Staatsoper where she has sung over 50 opera roles.<\/p>\n<p>Guest performances have taken the Vienna-based artist to the Deutsche Oper in Berlin, the Semperoper in Dresden, the Bavarian State Opera in Munich, Zurich Opera House, Valencia Opera House and to the Bolshoi Theatre in Moscow, amongst others. Her numerous concerts, radio and TV appearances with acclaimed orchestras such as the Vienna Philharmonic have taken place all over Europe, in Japan, New York and Israel.<\/p>\n<p>International festival engagements include Salzburg Festival, Bregrenz Festival, Wiener Klangbogen, Wiener Festwochen, Musica Sacra Rome, Edinburgh Festival, Richard Strauss Festival in Garmisch, the Beethoven Festival in Bonn and the Johann Strau\u00df Music Festival in Coburg.<\/p>\n<p>Ildik\u00f3 Raimondi has a particular passion for 20th\u00a0century music. Works by Franz Schmidt, Arnold Sch\u00f6nberg, Alexander von Zemlinsky, Egon Wellesz, Ernst Krenek, Gottfried von Einem \u2013 as well as contemporary composers such as Friedrich Cerha and Thomas Daniel Schlee \u2013 make up the extensive repertoire of the soprano.<\/p>\n<p>Her recitals in the Wiener Musikverein and in countless towns both home and abroad continue to set the benchmark for interpretation and programming. As part of a large-scale research project, Ildik\u00f3 Raimondi published the collection of 41 Goethe Lieder by the Czech composer Wenzel Johann Tomaschek.<\/p>\n<p>Ildik\u00f3 Raimondi\u2019s most recent performances at the Wiener Staatsoper include Dame (Cardillac), Donna Elvira (Don Giovanni), Rosalinde (Die Fledermaus), Pamina (Die Zauberfl\u00f6te), Alice (Falstaff), Musetta (La Boh\u00e8me) and the premi\u00e8re of Iv\u00e1n Er\u00f6d\u2019s children\u2019s opera \u201cP\u00fcnktchen und Anton\u201d. She has sung the role of Gr\u00e4fin (Capriccio) at the Palace of Arts in Budapest and gave a guest performance as Arabella at the Hungarian State Opera.<\/p>\n<p>Her artistic career has been well documented through numerous CD and DVD recordings as well as radio and TV broadcasts.<\/p>\n<p>Ildik\u00f3 Raimondi is an Austrian Kammers\u00e4ngerin and an Integration Ambassador.<br \/>\nShe has been a Professor of Solo Singing at the Salzburg Universit\u00e4t Mozarteum since 2015.<\/p>\n","protected":false},"excerpt":{"rendered":"<p>Ildik\u00f3 Raimondi\u00a0is not only a celebrated singer on the opera stage, but is also a well-known recitalist and interpreter of Lieder. Since 1991, she has been a member of the Wiener Staatsoper where she has sung over 50 opera roles&#8230;.<\/p>\n","protected":false},"author":3,"featured_media":0,"parent":0,"menu_order":0,"comment_status":"closed","ping_status":"closed","template":"","meta":{"ngg_post_thumbnail":0},"_links":{"self":[{"href":"http:\/\/ildikoraimondi.com\/new\/en\/wp-json\/wp\/v2\/pages\/98"}],"collection":[{"href":"http:\/\/ildikoraimondi.com\/new\/en\/wp-json\/wp\/v2\/pages"}],"about":[{"href":"http:\/\/ildikoraimondi.com\/new\/en\/wp-json\/wp\/v2\/types\/page"}],"author":[{"embeddable":true,"href":"http:\/\/ildikoraimondi.com\/new\/en\/wp-json\/wp\/v2\/users\/3"}],"replies":[{"embeddable":true,"href":"http:\/\/ildikoraimondi.com\/new\/en\/wp-json\/wp\/v2\/comments?post=98"}],"version-history":[{"count":4,"href":"http:\/\/ildikoraimondi.com\/new\/en\/wp-json\/wp\/v2\/pages\/98\/revisions"}],"predecessor-version":[{"id":1776,"href":"http:\/\/ildikoraimondi.com\/new\/en\/wp-json\/wp\/v2\/pages\/98\/revisions\/1776"}],"wp:attachment":[{"href":"http:\/\/ildikoraimondi.com\/new\/en\/wp-json\/wp\/v2\/media?parent=98"}],"curies":[{"name":"wp","href":"https:\/\/api.w.org\/{rel}","templated":true}]}}